{"id":3,"date":"2022-03-18T12:11:47","date_gmt":"2022-03-18T11:11:47","guid":{"rendered":"http:\/\/plastma.pl\/?page_id=3"},"modified":"2024-05-25T22:26:50","modified_gmt":"2024-05-25T20:26:50","slug":"polityka-prywatnosci","status":"publish","type":"page","link":"https:\/\/plastma.pl\/en\/polityka-prywatnosci\/","title":{"rendered":"Privacy policy"},"content":{"rendered":"[et_pb_section fb_built=&#8221;1&#8243; admin_label=&#8221;section&#8221; _builder_version=&#8221;4.16&#8243; global_colors_info=&#8221;{}&#8221;][et_pb_row admin_label=&#8221;row&#8221; _builder_version=&#8221;4.25.1&#8243; background_size=&#8221;initial&#8221; background_position=&#8221;top_left&#8221; background_repeat=&#8221;repeat&#8221; custom_padding=&#8221;0px||0px||true|false&#8221; global_colors_info=&#8221;{}&#8221;][et_pb_column type=&#8221;4_4&#8243; _builder_version=&#8221;4.16&#8243; custom_padding=&#8221;|||&#8221; global_colors_info=&#8221;{}&#8221; custom_padding__hover=&#8221;|||&#8221;][et_pb_text admin_label=&#8221;Text&#8221; _builder_version=&#8221;4.25.1&#8243; background_size=&#8221;initial&#8221; background_position=&#8221;top_left&#8221; background_repeat=&#8221;repeat&#8221; hover_enabled=&#8221;0&#8243; global_colors_info=&#8221;{}&#8221; ol_type=&#8221;upper-latin&#8221; ol_position=&#8221;outside&#8221; ol_item_indent=&#8221;1.2em&#8221; ol_line_height=&#8221;1.8em&#8221; sticky_enabled=&#8221;0&#8243;]<h1><strong>Polityka prywatno\u015bci witryny internetowej dzia\u0142aj\u0105cej pod adresem plastma.pl<\/strong><\/h1>\n<p>&nbsp;<\/p>\n<p>Podanie danych osobowych, a tak\u017ce zgoda na ich przetwarzanie s\u0105 ca\u0142kowicie dobrowolne. Wszelkie przekazane nam dane osobowe s\u0105 przetwarzane wy\u0142\u0105cznie w zakresie i celu, na jaki wyrazi\u0142e\u015b zgod\u0119.<\/p>\n<p>Informujemy, \u017ce w ka\u017cdej chwili masz prawo do aktualizacji lub ca\u0142kowitego usuni\u0119cia swoich danych osobowych. Mo\u017cesz to zrobi\u0107 samodzielnie, jak i korzystaj\u0105c z naszej pomocy, kt\u00f3rej ch\u0119tnie udzielimy. W przypadku gdyby\u015b potrzebowa\u0142 naszej pomocy prosimy o kontakt mailowy pod adresem: office@plastma.pl<\/p>\n<p>Zapewniamy Ci\u0119, \u017ce nasza firma przestrzega restryktywnej polityki bezpiecze\u0144stwa danych osobowych. Twoje dane osobowe s\u0105 u nas bezpieczne i dok\u0142adamy wszelkich stara\u0144, aby poziom ten by\u0142 coraz wy\u017cszy.<\/p>\n<h3>I. Kto jest administratorem danych osobowych w serwisie dzia\u0142aj\u0105cym pod adresem plastma.pl?<\/h3>\n<p>Administratorem danych osobowych serwisu dzia\u0142aj\u0105cego pod adresem: plastma.pl<br \/>(dalej Administrator), czyli odpowiedzialnym za zapewnienie bezpiecze\u0144stwa Twoim danym osobowym jest:<\/p>\n<p>Plastma Sp. z o. o., 42-200 Cz\u0119stochowa, ul. gen. J\u00f3zefa Hallera, nr 8a<\/p>\n<h3>II. Jak chronimy Twoje dane osobowe?<\/h3>\n<p>Do najwa\u017cniejszych element\u00f3w systemu ochrony danych osobowych nale\u017c\u0105:<\/p>\n<ol>\n<li>Utrzymywanie systemu komputerowego w spos\u00f3b zabezpieczony przed wnikni\u0119ciem wirus\u00f3w i innych atak\u00f3w celowych.<\/li>\n<li>Udostepnienie Twoich danych osobowych tylko pracownikom realizuj\u0105cym Twoje zapytanie\/zam\u00f3wienie. Pracownicy ci zostali przeszkoleni zgodnie z polityk\u0105 bezpiecze\u0144stwa danych osobowych i podpisali stosowne zobowi\u0105zania zobowi\u0105zuj\u0105ce ich do ochrony.<\/li>\n<li>Utrzymywanie serwisu internetowego pod adresem plastma.pl tylko na zaufanych serwerach profesjonalnych partner\u00f3w naszej firmy.<\/li>\n<li>Zastosowano \u015brodki techniczne i organizacyjne zapewniaj\u0105ce ochron\u0119 przetwarzanych danych zgodne z wymaganiami okre\u015blonymi w przepisach o ochronie danych osobowych, w tym rozporz\u0105dzenia Ministra Spraw Wewn\u0119trznych i Administracji z dnia 29 kwietnia 2004 r. w sprawie dokumentacji przetwarzania danych osobowych oraz warunk\u00f3w technicznych i organizacyjnych, jakim powinny odpowiada\u0107 urz\u0105dzenia i systemy informatyczne s\u0142u\u017c\u0105ce do przetwarzania danych osobowych (Dz. U. Nr 100, poz. 1024) oraz wytycznymi Generalnego Inspektora Ochrony Danych Osobowych.<\/li>\n<\/ol>\n<h3>III. Dlaczego i o jakie Twoje dane osobowe prosimy?<\/h3>\n<ol>\n<li>Formularz kontaktowy<br \/>Udost\u0119pniaj\u0105c internautom odwiedzaj\u0105cym nasz\u0105 witryn\u0119, elektroniczn\u0105 form\u0119 kontaktu, prosimy o podanie nast\u0119puj\u0105cych danych:<br \/>1. imi\u0119 i nazwisko \u2013 niezb\u0119dne nam do w\u0142a\u015bciwego adresowania odpowiedzi na zapytania z formularza kontaktowego umieszczonego na stronie plastma.pl;<br \/>2. e-mail \u2013 niezb\u0119dny do komunikacji zwi\u0105zanej z korzystaniem formularza kontaktowego dzia\u0142aj\u0105cego na stronie plastma.pl<br \/>3. numer telefonu \u2013 niezb\u0119dny w przypadku spraw nietypowych zwi\u0105zanych z obs\u0142ug\u0105 zapytania z formularza kontaktowego dzia\u0142aj\u0105cego na stronie plastma.pl.<br \/>Dane podane w trakcie kierowania zapytania s\u0105 przetwarzane wy\u0142\u0105cznie przez serwis internetowy dzia\u0142aj\u0105cy w domenie plastma.pl i nie s\u0105 wykorzystywane w \u017caden inny spos\u00f3b.<\/li>\n<\/ol>\n<h3>IV. Twoje dane osobowe, kt\u00f3re pobierane s\u0105 automatycznie po wej\u015bciu na stron\u0119 internetow\u0105 dzia\u0142aj\u0105c\u0105 pod adresem plastma.pl:<\/h3>\n<p>__utma<br \/>U\u017cywane do okre\u015blenia liczby unikalnych odwiedzin.<br \/>__utmb<br \/>Utworzenie i kontynuacja sesji u\u017cytkownika.<br \/>__utmc<br \/>Wyznaczanie sesji u\u017cytkownik\u00f3w.<br \/>__utmz<br \/>Wykorzystywane do \u015bledzenia przekierowa\u0144 z innych witryn.<\/p>\n<h3>V. Poj\u0119cia dotycz\u0105ce ochrony danych<\/h3>\n<ol>\n<li>System informatyczny \u2013 serwer<br \/>System informatyczny, z kt\u00f3rego korzysta witryna internetowa dzia\u0142aj\u0105ca pod adresem plastma.pl automatycznie gromadzi w logach dane zwi\u0105zane z urz\u0105dzeniem, z kt\u00f3rego korzystasz \u0142\u0105cz\u0105c si\u0119 z witryn\u0105. Dane te gromadzone s\u0105 jedynie w celach statystycznych i dotycz\u0105: typu urz\u0105dzenia, systemu operacyjnego, rodzaju przegl\u0105darki internetowej, rozdzielczo\u015bci ekranu, g\u0142\u0119bi kolor\u00f3w, IP, dostawcy us\u0142ug internetowych, czy adres wej\u015bcia na stron\u0119 dzia\u0142aj\u0105c\u0105 pod domen\u0105 plastma.pl i s\u0105 wykorzystywane jedynie w procesie optymalizacji witryny internetowej dzia\u0142aj\u0105cej w domenie plastma.pl w celu zapewnienia jak najwi\u0119kszej wygody korzystania.<br \/>Dane te nie s\u0105 nigdy \u0142\u0105czone z danymi podanymi, o kt\u00f3rych mowa w IV cz\u0119\u015bci i stanowi\u0105 jedynie materia\u0142 do analizy statystycznej i mechanizm\u00f3w korygowania b\u0142\u0119d\u00f3w systemowych.<\/li>\n<li>Cookies<br \/>Witryna internetowa dzia\u0142aj\u0105ca w domenie plastma.pl wykorzystuje pliki \u201ecookie\u201d, czyli dane informatyczne umieszczane na urz\u0105dzeniu U\u017cytkownika, w celu umo\u017cliwienia rozpoznania U\u017cytkownika i dostosowania witryny do jego potrzeb. Korzystaj\u0105c z witryny dzia\u0142aj\u0105cej w domenie plastma.pl. U\u017cytkownik wyra\u017ca zgod\u0119 na wykorzystywanie cookie, zgodnie z ustawieniami swojej przegl\u0105darki.\n<ul>\n<li>Czym s\u0105 pliki \u201ecookie\u201d?<br \/>Poprzez pliki \u201ecookie\u201d nale\u017cy rozumie\u0107 dane informatyczne, w szczeg\u00f3lno\u015bci pliki tekstowe, przechowywane w urz\u0105dzeniach ko\u0144cowych u\u017cytkownik\u00f3w przeznaczone do korzystania ze stron internetowych. Pliki te pozwalaj\u0105 rozpozna\u0107 urz\u0105dzenie u\u017cytkownika i odpowiednio wy\u015bwietli\u0107 stron\u0119 internetow\u0105 dostosowan\u0105 do jego indywidualnych preferencji. \u201eCookie\u201d zazwyczaj zawieraj\u0105 nazw\u0119 strony internetowej z kt\u00f3rej pochodz\u0105, czas przechowywania ich na urz\u0105dzeniu ko\u0144cowym oraz unikalny numer.<\/li>\n<li>Administrator wykorzystuje cookie do:<br \/>1. zapami\u0119tania sesji U\u017cytkownika;<br \/>2. utrzymania sesji U\u017cytkownika witryny dzia\u0142aj\u0105cej pod adresem plastma.pl;<br \/>3. zapewnienia dzia\u0142ania wszystkich funkcji witryny dzia\u0142aj\u0105cej pod adresem plastma.pl;<br \/>4. dostosowania zawarto\u015bci i wy\u015bwietlania witryny dzia\u0142aj\u0105cej w domenie plastma.pl do preferencji U\u017cytkownika;<br \/>5. tworzenia statystyk i raport\u00f3w ogl\u0105dalno\u015bci funkcjonowania strony internetowej dzia\u0142aj\u0105cej pod adresem plastma.pl.<\/li>\n<li>Usuwanie plik\u00f3w \u201ecookie\u201d<br \/>Wi\u0119kszo\u015b\u0107 przegl\u0105darek internetowych jest pocz\u0105tkowo ustawionych na automatyczne przyjmowanie ciasteczek. Je\u015bli nie \u017cyczysz sobie, aby na Twoim urz\u0105dzeniu ko\u0144cowym by\u0142y przechowywane ciasteczka, mo\u017cesz zmieni\u0107 ustawienia przegl\u0105darki tak, aby ciasteczka by\u0142y blokowane \u2013 w ca\u0142o\u015bci lub w jakiej\u015b cz\u0119\u015bci lub te\u017c wskaza\u0107, \u017ce ka\u017cdorazowo chcesz otrzymywa\u0107 komunikat w momencie, kiedy ciasteczka s\u0105 wysy\u0142ane na Twoje urz\u0105dzenie.<\/li>\n<li>Nale\u017cy jednak pami\u0119ta\u0107, \u017ce je\u017celi zablokujesz u\u017cywane przez nas ciasteczka, mo\u017ce mie\u0107 to negatywny wp\u0142yw na pe\u0142ne i wygodne korzystanie ze strony. Uniemo\u017cliwisz nam r\u00f3wnie\u017c zbieranie anonimowych informacji dotycz\u0105cych u\u017cywania naszej strony w celu sta\u0142ego poprawiania jej us\u0142ug i zawarto\u015bci.<\/li>\n<li>Kompleksowe informacje dost\u0119pne s\u0105 w ustawieniach oprogramowania (przegl\u0105darki internetowej). Instrukcje zarz\u0105dzania plikami cookies w zale\u017cno\u015bci od u\u017cywanej przegl\u0105darki:<br \/>Przegl\u0105darka Internet Explorer: <a href=\"http:\/\/support.microsoft.com\/kb\/196955\/pl\">http:\/\/support.microsoft.com\/kb\/196955\/pl<\/a><br \/>Przegl\u0105darka Mozilla Firefox: <a href=\"http:\/\/support.mozilla.org\/pl\/products\/firefox\/cookies\">http:\/\/support.mozilla.org\/pl\/products\/firefox\/cookies<\/a><br \/>Przegl\u0105darka Chrome: <a href=\"http:\/\/support.google.com\/chrome\/bin\/answer.py?hl=pl&amp;answer=95647\">http:\/\/support.google.com\/chrome\/bin\/answer.py?hl=pl&amp;answer=95647<\/a><br \/>Przegl\u0105darka Opera: <a href=\"http:\/\/help.opera.com\/Linux\/9.22\/pl\/cookies.html\">http:\/\/help.opera.com\/Linux\/9.22\/pl\/cookies.html<\/a><br \/>Przegl\u0105darka Safari: http:\/\/support.apple.com\/kb\/PH5042D. Google AdWords i Analitycs (cookies)<\/li>\n<li>Google AdWords i Analitycs wykorzystuje technologi\u0119 \u201ecookie\u201d, czyli plik\u00f3w tekstowych umieszczanych na Twoim urz\u0105dzeniu, w celu umo\u017cliwienia Administratorowi oceny poprawno\u015bci i skuteczno\u015bci prowadzonej dzia\u0142alno\u015bci reklamowej z wykorzystaniem sieci AdWords.<\/li>\n<li>Google gromadzi na swoich serwerach dane pozyskane z umieszczania na urz\u0105dzeniach plik\u00f3w cookie i korzysta z tych informacji w celu tworzenia raport\u00f3w i \u015bwiadczenia innych us\u0142ug zwi\u0105zanych z ruchem i korzystaniem z Internetu.<\/li>\n<li>Google mo\u017ce r\u00f3wnie\u017c przekazywa\u0107 te informacje osobom trzecim, je\u017celi b\u0119dzie zobowi\u0105zana to uczyni\u0107 na podstawie przepis\u00f3w prawa lub w przypadku, gdy osoby te przetwarzaj\u0105 takie informacje w imieniu Google.<\/li>\n<li>Dane te nie s\u0105 nigdy \u0142\u0105czone z danymi podanymi, o kt\u00f3rych mowa w IV cz\u0119\u015bci i stanowi\u0105 jedynie materia\u0142 do analizy statystycznej i mechanizm\u00f3w korygowania b\u0142\u0119d\u00f3w systemowych.<\/li>\n<li>Je\u017celi nie zgadzasz si\u0119 na umieszczanie na swoim urz\u0105dzeniu plik\u00f3w cookie mo\u017ce zablokowa\u0107 ich umieszczenie odpowiednio konfiguruj\u0105c swoja przegl\u0105dark\u0119 internetow\u0105. Informacje jak to zrobi\u0107 znajdziesz w plikach pomocy swojej przegl\u0105darki internetowej. Niestety w przypadku zablokowania plik\u00f3w cookie Google nie mo\u017cemy zagwarantowa\u0107 poprawnego dzia\u0142ania witryny internetowej dzia\u0142aj\u0105cej pod adresem plastma.pl.<\/li>\n<li>Je\u017celi zgadzasz si\u0119 na umieszczanie na swoim urz\u0105dzeniu plik\u00f3w cookie Google, ale po zako\u0144czeniu odwiedzin w witrynie internetowej dzia\u0142aj\u0105cej pod adresem plastma.pl chcia\u0142by\u015b je skasowa\u0107, mo\u017cesz to zrobi\u0107 bez ryzyka a informacj\u0119 o tym jak to zrobi\u0107 znajdziesz w plikach pomocy swojej przegl\u0105darki internetowej.<\/li>\n<\/ul>\n<\/li>\n<\/ol>\n<h3>VI. Polityka prywatno\u015bci bezpiecze\u0144stwa partner\u00f3w Administratora<\/h3>\n<p>Administrator bardzo starannie dobiera swoich partner\u00f3w biznesowych i r\u00f3wnie starannie weryfikuje zamieszczane na stronie internetowej dzia\u0142aj\u0105cej pod adresem plastma.pl linki do innych stron internetowych. Administrator nie odpowiada jednak za standard i polityk\u0119 ochrony prywatno\u015bci stosowan\u0105 przez w\u0142a\u015bcicieli, operator\u00f3w czy administrator\u00f3w tych stron. Dlatego zalecamy weryfikacj\u0119 ka\u017cdego z naszych partner\u00f3w w zakresie w\u0142asnym i samodzielne podj\u0119cie decyzji, czy chcesz powierzy\u0107 im Twoje dane osobowe.<\/p>\n<h3>VII. Udost\u0119pnianie Twoich danych osobowych<\/h3>\n<p>W szczeg\u00f3lnych sytuacjach, w kt\u00f3rych obowi\u0105zuj\u0105ce prawo nakazuje administratorowi udost\u0119pnienie zebranych danych organom pa\u0144stwowym, Administrator dane takie udost\u0119pni. Za wyj\u0105tkiem tych sytuacji, Twoje dane osobowe b\u0119d\u0105 ujawnianie wy\u0142\u0105cznie w zakresie, celu i podmiotom wymienionym w niniejszej polityce prywatno\u015bci.<\/p>\n<h3>VIII. Zmiana polityki bezpiecze\u0144stwa przez Administratora<\/h3>\n<p>Administrator zastrzega sobie prawo zmiany polityki prywatno\u015bci, o ile b\u0119dzie wymaga\u0107 tego obowi\u0105zuj\u0105ce prawo, ulegn\u0105 zmianie warunki technologiczne funkcjonowania witryny internetowej dzia\u0142aj\u0105cej pod adresem plastma.pl lub zmiana b\u0119dzie wprowadza\u0107 standard wy\u017cszy od minimum wymaganego prawem.<\/p>\n<p>O takiej zmianie Administrator powiadomi na stronie internetowej plastma.pl Powiadomienie zostanie opublikowane co najmniej na 30 dni przed wej\u015bciem w \u017cycie nowej polityki prywatno\u015bci.<\/p>\n<h3>IX. Kontakt<\/h3>\n<p>Administrator kontaktuje si\u0119 z Tob\u0105 korzystaj\u0105c z podanego e-maila, a tylko w szczeg\u00f3lnych sytuacjach korzystamy z podanego przez Ciebie numeru telefonu.<\/p>\n<p>W przypadku jakichkolwiek pyta\u0144 lub w\u0105tpliwo\u015bci co do polityki prywatno\u015bci i bezpiecze\u0144stwa Twoich danych osobowych zach\u0119camy do kontaktu pod naszym adresem e-mail: office@plastma.pl.<\/p>\n<p>W przypadku ch\u0119ci aktualizacji lub usuni\u0119cia Twoich danych osobowych, o ile nie mo\u017cesz lub nie chcesz zrobi\u0107 tego samodzielnie, prosimy o kontakt pod naszym adresem e-mail: office@plastma.pl.<\/p>\n<p><\/p>[\/et_pb_text][\/et_pb_column][\/et_pb_row][\/et_pb_section]<!-- \/wp:post-content -->","protected":false},"excerpt":{"rendered":"<p>Polityka prywatno\u015bci witryny internetowej dzia\u0142aj\u0105cej pod adresem plastma.pl &nbsp; Podanie danych osobowych, a tak\u017ce zgoda na ich przetwarzanie s\u0105 ca\u0142kowicie dobrowolne. Wszelkie przekazane nam dane osobowe s\u0105 przetwarzane wy\u0142\u0105cznie w zakresie i celu, na jaki wyrazi\u0142e\u015b zgod\u0119. Informujemy, \u017ce w ka\u017cdej chwili masz prawo do aktualizacji lub ca\u0142kowitego usuni\u0119cia swoich danych osobowych. Mo\u017cesz to zrobi\u0107 [&hellip;]<\/p>\n","protected":false},"author":1,"featured_media":0,"parent":0,"menu_order":0,"comment_status":"closed","ping_status":"closed","template":"","meta":{"_et_pb_use_builder":"on","_et_pb_old_content":"<!-- wp:heading --><h2>Kim jeste\u015bmy<\/h2><!-- \/wp:heading --><!-- wp:paragraph --><p><strong class=\"privacy-policy-tutorial\">Sugerowany tekst: <\/strong>Adres naszej strony internetowej to: http:\/\/plastma.pl.<\/p><!-- \/wp:paragraph --><!-- wp:heading --><h2>Komentarze<\/h2><!-- \/wp:heading --><!-- wp:paragraph --><p><strong class=\"privacy-policy-tutorial\">Sugerowany tekst: <\/strong>Kiedy odwiedzaj\u0105cy witryn\u0119 zostawia komentarz, zbieramy dane widoczne w formularzu komentowania, jak i adres IP odwiedzaj\u0105cego oraz podpis jego przegl\u0105darki jako pomoc przy wykrywaniu spamu.<\/p><!-- \/wp:paragraph --><!-- wp:paragraph --><p>Anonimizowany ci\u0105g znak\u00f3w utworzony z twojego adresu e-mail (zwany te\u017c hashem) mo\u017ce zosta\u0107 przes\u0142any do us\u0142ugi Gravatar w celu sprawdzenia czy jest u\u017cywany. Polityka prywatno\u015bci us\u0142ugi Gravatar jest dost\u0119pna pod adresem: https:\/\/automattic.com\/privacy\/. Po zatwierdzeniu komentarza tw\u00f3j obrazek profilowy jest widoczny publicznie w kontek\u015bcie twojego komentarza.<\/p><!-- \/wp:paragraph --><!-- wp:heading --><h2>Media<\/h2><!-- \/wp:heading --><!-- wp:paragraph --><p><strong class=\"privacy-policy-tutorial\">Sugerowany tekst: <\/strong>Je\u015bli jeste\u015b zarejestrowanym u\u017cytkownikiem i wgrywasz na witryn\u0119 obrazki, powiniene\u015b unika\u0107 przesy\u0142ania obrazk\u00f3w z tagami EXIF lokalizacji. Odwiedzaj\u0105cy stron\u0119 mog\u0105 pobra\u0107 i odczyta\u0107 pe\u0142ne dane lokalizacyjne z obrazk\u00f3w w witrynie.<\/p><!-- \/wp:paragraph --><!-- wp:heading --><h2>Ciasteczka<\/h2><!-- \/wp:heading --><!-- wp:paragraph --><p><strong class=\"privacy-policy-tutorial\">Sugerowany tekst: <\/strong>Je\u015bli zostawisz na naszej witrynie komentarz, b\u0119dzie mo\u017cna wybra\u0107 opcj\u0119 zapisu twojej nazwy, adresu e-mail i adresu strony internetowej w ciasteczkach, dzi\u0119ki kt\u00f3rym podczas pisania kolejnych komentarzy powy\u017csze informacje b\u0119d\u0105 ju\u017c dogodnie uzupe\u0142nione. Ciasteczka wygasaj\u0105 po roku.<\/p><!-- \/wp:paragraph --><!-- wp:paragraph --><p>Je\u015bli odwiedzisz stron\u0119 logowania, utworzymy tymczasowe ciasteczko na potrzeby sprawdzenia czy twoja przegl\u0105darka akceptuje ciasteczka. Nie zawiera ono \u017cadnych danych osobistych i zostanie usuni\u0119te, kiedy przegl\u0105darka zostanie zamkni\u0119ta.<\/p><!-- \/wp:paragraph --><!-- wp:paragraph --><p>Podczas logowania tworzymy dodatkowo kilka ciasteczek potrzebnych do zapisu twoich informacji logowania oraz wybranych opcji ekranu. Ciasteczka logowania wygasaj\u0105 po dw\u00f3ch dniach, a opcji ekranu po roku. Je\u015bli zaznaczysz opcj\u0119 &bdquo;Pami\u0119taj mnie&rdquo;, logowanie wyga\u015bnie po dw\u00f3ch tygodniach. Je\u015bli wylogujesz si\u0119 ze swojego konta, ciasteczka logowania zostan\u0105 usuni\u0119te.<\/p><!-- \/wp:paragraph --><!-- wp:paragraph --><p>Je\u015bli zmodyfikujesz albo opublikujesz artyku\u0142, w twojej przegl\u0105darce zostanie zapisane dodatkowe ciasteczko. To ciasteczko nie zawiera \u017cadnych danych osobistych, wskazuj\u0105c po prostu na identyfikator przed chwil\u0105 edytowanego artyku\u0142u. Wygasa ono po 1 dniu.<\/p><!-- \/wp:paragraph --><!-- wp:heading --><h2>Osadzone tre\u015bci z innych witryn<\/h2><!-- \/wp:heading --><!-- wp:paragraph --><p><strong class=\"privacy-policy-tutorial\">Sugerowany tekst: <\/strong>Artyku\u0142y na tej witrynie mog\u0105 zawiera\u0107 osadzone tre\u015bci (np. filmy, obrazki, artyku\u0142y itp.). Osadzone tre\u015bci z innych witryn zachowuj\u0105 si\u0119 analogicznie do tego, jakby u\u017cytkownik odwiedzi\u0142 bezpo\u015brednio konkretn\u0105 witryn\u0119.<\/p><!-- \/wp:paragraph --><!-- wp:paragraph --><p>Witryny mog\u0105 zbiera\u0107 informacje o tobie, u\u017cywa\u0107 ciasteczek, do\u0142\u0105cza\u0107 dodatkowe, zewn\u0119trzne systemy \u015bledzenia i monitorowa\u0107 twoje interakcje z osadzonym materia\u0142em, w\u0142\u0105czaj\u0105c w to \u015bledzenie twoich interakcji z osadzonym materia\u0142em je\u015bli posiadasz konto i jeste\u015b zalogowany w tamtej witrynie.<\/p><!-- \/wp:paragraph --><!-- wp:heading --><h2>Z kim dzielimy si\u0119 danymi<\/h2><!-- \/wp:heading --><!-- wp:paragraph --><p><strong class=\"privacy-policy-tutorial\">Sugerowany tekst: <\/strong>Je\u015bli za\u017c\u0105dasz zresetowania has\u0142a, tw\u00f3j adres IP zostanie do\u0142\u0105czony do wysy\u0142anej wiadomo\u015bci.<\/p><!-- \/wp:paragraph --><!-- wp:heading --><h2>Jak d\u0142ugo przechowujemy twoje dane<\/h2><!-- \/wp:heading --><!-- wp:paragraph --><p><strong class=\"privacy-policy-tutorial\">Sugerowany tekst: <\/strong>Je\u015bli zostawisz komentarz, jego tre\u015b\u0107 i metadane b\u0119d\u0105 przechowywane przez czas nieokre\u015blony. Dzi\u0119ki temu jeste\u015bmy w stanie rozpoznawa\u0107 i zatwierdza\u0107 kolejne komentarze automatycznie, bez wysy\u0142ania ich do ka\u017cdorazowej moderacji.<\/p><!-- \/wp:paragraph --><!-- wp:paragraph --><p>Dla u\u017cytkownik\u00f3w kt\u00f3rzy zarejestrowali si\u0119 na naszej stronie internetowej (je\u015bli tacy s\u0105), przechowujemy r\u00f3wnie\u017c informacje osobiste wprowadzone w profilu. Ka\u017cdy u\u017cytkownik mo\u017ce dokona\u0107 wgl\u0105du, korekty albo skasowa\u0107 swoje informacje osobiste w dowolnej chwili (nie licz\u0105c nazwy u\u017cytkownika, kt\u00f3rej nie mo\u017cna zmieni\u0107). Administratorzy strony r\u00f3wnie\u017c mog\u0105 przegl\u0105da\u0107 i modyfikowa\u0107 te informacje.<\/p><!-- \/wp:paragraph --><!-- wp:heading --><h2>Jakie masz prawa do swoich danych<\/h2><!-- \/wp:heading --><!-- wp:paragraph --><p><strong class=\"privacy-policy-tutorial\">Sugerowany tekst: <\/strong>Je\u015bli masz konto u\u017cytkownika albo doda\u0142e\u015b komentarze w tej witrynie, mo\u017cesz za\u017c\u0105da\u0107 dostarczenia pliku z wyeksportowanym kompletem twoich danych osobistych b\u0119d\u0105cych w naszym posiadaniu, w tym ca\u0142o\u015b\u0107 tych dostarczonych przez ciebie. Mo\u017cesz r\u00f3wnie\u017c za\u017c\u0105da\u0107 usuni\u0119cia przez nas ca\u0142o\u015bci twoich danych osobistych w naszym posiadaniu. Nie dotyczy to \u017cadnych danych kt\u00f3re jeste\u015bmy zobligowani zachowa\u0107 ze wzgl\u0119d\u00f3w administracyjnych, prawnych albo bezpiecze\u0144stwa.<\/p><!-- \/wp:paragraph --><!-- wp:heading --><h2>Gdzie przesy\u0142amy twoje dane<\/h2><!-- \/wp:heading --><!-- wp:paragraph --><p><strong class=\"privacy-policy-tutorial\">Sugerowany tekst: <\/strong>Komentarze go\u015bci mog\u0105 by\u0107 sprawdzane za pomoc\u0105 automatycznej us\u0142ugi wykrywania spamu.<\/p><!-- \/wp:paragraph -->","_et_gb_content_width":"","footnotes":""},"class_list":["post-3","page","type-page","status-publish","hentry"],"_links":{"self":[{"href":"https:\/\/plastma.pl\/en\/wp-json\/wp\/v2\/pages\/3","targetHints":{"allow":["GET"]}}],"collection":[{"href":"https:\/\/plastma.pl\/en\/wp-json\/wp\/v2\/pages"}],"about":[{"href":"https:\/\/plastma.pl\/en\/wp-json\/wp\/v2\/types\/page"}],"author":[{"embeddable":true,"href":"https:\/\/plastma.pl\/en\/wp-json\/wp\/v2\/users\/1"}],"replies":[{"embeddable":true,"href":"https:\/\/plastma.pl\/en\/wp-json\/wp\/v2\/comments?post=3"}],"version-history":[{"count":0,"href":"https:\/\/plastma.pl\/en\/wp-json\/wp\/v2\/pages\/3\/revisions"}],"wp:attachment":[{"href":"https:\/\/plastma.pl\/en\/wp-json\/wp\/v2\/media?parent=3"}],"curies":[{"name":"wp","href":"https:\/\/api.w.org\/{rel}","templated":true}]}}