{"id":27,"date":"2024-05-25T15:59:11","date_gmt":"2024-05-25T13:59:11","guid":{"rendered":"https:\/\/plastma.pl\/?page_id=27"},"modified":"2024-06-13T23:52:09","modified_gmt":"2024-06-13T21:52:09","slug":"kontakt","status":"publish","type":"page","link":"https:\/\/plastma.pl\/en\/kontakt\/","title":{"rendered":"Contact"},"content":{"rendered":"<p>[et_pb_section fb_built=&#8221;1&#8243; custom_padding_last_edited=&#8221;on|phone&#8221; admin_label=&#8221;Canvas Contact #5 Light&#8221; module_class=&#8221;canvas-contact-5 canvas-light&#8221; _builder_version=&#8221;4.25.1&#8243; _module_preset=&#8221;default&#8221; background_enable_image=&#8221;off&#8221; custom_padding=&#8221;120px||0px||false|false&#8221; custom_padding_tablet=&#8221;100px||0px||false|false&#8221; custom_padding_phone=&#8221;60px||0px||false|false&#8221; overflow-x_tablet=&#8221;&#8221; overflow-x_phone=&#8221;&#8221; overflow-x_last_edited=&#8221;on|desktop&#8221; locked=&#8221;off&#8221; collapsed=&#8221;off&#8221; global_colors_info=&#8221;{}&#8221;][et_pb_row column_structure=&#8221;3_5,2_5&#8243; make_equal=&#8221;on&#8221; _builder_version=&#8221;4.25.1&#8243; _module_preset=&#8221;default&#8221; background_enable_image=&#8221;off&#8221; width=&#8221;90%&#8221; width_tablet=&#8221;90%&#8221; width_phone=&#8221;80%&#8221; width_last_edited=&#8221;on|phone&#8221; custom_padding=&#8221;0px||0px||true|false&#8221; custom_css_free_form=&#8221;@media(max-width:980px) {||  selector {||    display:flex;||    flex-direction:column-reverse;||  }||  selector .et_pb_column.et-last-child {||    display:flex;||    flex-direction: row;||    justify-content: space-between;||    flex-wrap: wrap;||    margin-bottom:30px||  }||}&#8221; global_colors_info=&#8221;{}&#8221;][et_pb_column type=&#8221;3_5&#8243; _builder_version=&#8221;4.25.1&#8243; _module_preset=&#8221;default&#8221; background_image=&#8221;https:\/\/plastma.pl\/wp-content\/uploads\/2024\/05\/mapa.webp&#8221; parallax=&#8221;on&#8221; custom_padding=&#8221;10%|10%|10%|10%|true|true&#8221; global_colors_info=&#8221;{}&#8221;][et_pb_blurb title=&#8221;Nasz adres&#8221; use_icon=&#8221;on&#8221; font_icon=&#8221;&#xe081;||divi||400&#8243; icon_color=&#8221;#FFFFFF&#8221; image_icon_background_color=&#8221;#A2BD30&#8243; image_icon_width=&#8221;24px&#8221; icon_alignment=&#8221;left&#8221; content_max_width=&#8221;100%&#8221; image_icon_width_tablet=&#8221;20px&#8221; image_icon_width_phone=&#8221;14px&#8221; image_icon_width_last_edited=&#8221;on|phone&#8221; module_class=&#8221;canvas-blurb-2&#8243; _builder_version=&#8221;4.25.1&#8243; _module_preset=&#8221;default&#8221; header_level=&#8221;h1&#8243; header_font=&#8221;Figtree|700||on|||||&#8221; header_font_size=&#8221;18px&#8221; header_letter_spacing=&#8221;0.05em&#8221; body_font=&#8221;Figtree||||||||&#8221; body_line_height=&#8221;1.8em&#8221; body_link_font=&#8221;||||on||||&#8221; body_link_text_color=&#8221;#363844&#8243; background_color=&#8221;#FFFFFF&#8221; image_icon_custom_padding=&#8221;40px|40px|40px|40px|true|true&#8221; image_icon_custom_padding_tablet=&#8221;25px|25px|25px|25px|true|true&#8221; image_icon_custom_padding_phone=&#8221;||||true|true&#8221; image_icon_custom_padding_last_edited=&#8221;on|phone&#8221; max_width=&#8221;500px&#8221; max_width_tablet=&#8221;500px&#8221; max_width_phone=&#8221;500px&#8221; max_width_last_edited=&#8221;on|desktop&#8221; module_alignment=&#8221;left&#8221; custom_margin=&#8221;||0px||false|false&#8221; custom_margin_tablet=&#8221;||30px||false|false&#8221; custom_margin_phone=&#8221;||30px||false|false&#8221; custom_margin_last_edited=&#8221;on|phone&#8221; custom_padding=&#8221;30px|30px|30px|30px|true|true&#8221; animation=&#8221;off&#8221; header_font_size_tablet=&#8221;16px&#8221; header_font_size_phone=&#8221;14px&#8221; header_font_size_last_edited=&#8221;on|phone&#8221; body_font_size_tablet=&#8221;15px&#8221; body_font_size_phone=&#8221;14px&#8221; body_font_size_last_edited=&#8221;on|phone&#8221; module_alignment_tablet=&#8221;center&#8221; module_alignment_phone=&#8221;left&#8221; module_alignment_last_edited=&#8221;on|tablet&#8221; border_radii_image=&#8221;on|50px|50px|50px|50px&#8221; locked=&#8221;off&#8221; global_colors_info=&#8221;{}&#8221; text_font_size_tablet=&#8221;17px&#8221; text_font_size_phone=&#8221;16px&#8221; text_font_size_last_edited=&#8221;on|phone&#8221; header_2_font_size_tablet=&#8221;38px&#8221; header_2_font_size_phone=&#8221;32px&#8221; header_2_font_size_last_edited=&#8221;on|desktop&#8221; header_3_font_size_tablet=&#8221;28px&#8221; header_3_font_size_phone=&#8221;22px&#8221; header_3_font_size_last_edited=&#8221;on|desktop&#8221; header_4_font_size_tablet=&#8221;22px&#8221; header_4_font_size_phone=&#8221;20px&#8221; header_4_font_size_last_edited=&#8221;on|phone&#8221; header_5_font_size_tablet=&#8221;16px&#8221; header_5_font_size_phone=&#8221;14px&#8221; header_5_font_size_last_edited=&#8221;on|phone&#8221; header_6_font_size_tablet=&#8221;16px&#8221; header_6_font_size_phone=&#8221;15px&#8221; header_6_font_size_last_edited=&#8221;on|desktop&#8221; body_link_text_color__hover_enabled=&#8221;on|desktop&#8221; body_link_text_color__hover=&#8221;#363844&#8243;]<\/p>\n<p>Plastma Sp. z&nbsp;o. o.<br \/>ul.&nbsp;gen. J\u00f3zefa Hallera 8a<br \/>42-200 Cz\u0119stochowa<\/p>\n<p><a href=\"https:\/\/www.google.com\/maps\/place\/GRANULAT+BIS+Compounding+-+Recycling+Tworzyw+Sztucznych+Marcin+Chmielarz\/@50.8057869,19.1684103,17z\/data=!3m1!4b1!4m6!3m5!1s0x4710b507728bb4f7:0xbd9d64619fb85abd!8m2!3d50.8057869!4d19.1684103!16s%2Fg%2F1hc76gk5n?entry=ttu\" target=\"_blank\" rel=\"noopener\"><b>Zobacz na&nbsp;mapie<\/b><\/a><\/p>\n<p>[\/et_pb_blurb][\/et_pb_column][et_pb_column type=&#8221;2_5&#8243; _builder_version=&#8221;4.19.1&#8243; _module_preset=&#8221;default&#8221; global_colors_info=&#8221;{}&#8221;][et_pb_text _builder_version=&#8221;4.25.2&#8243; _module_preset=&#8221;default&#8221; custom_margin=&#8221;||40px||false|false&#8221; custom_margin_tablet=&#8221;||40px||false|false&#8221; custom_margin_phone=&#8221;||40px||false|false&#8221; custom_margin_last_edited=&#8221;on|phone&#8221; hover_enabled=&#8221;0&#8243; global_colors_info=&#8221;{}&#8221; sticky_enabled=&#8221;0&#8243;]<\/p>\n<h1>Skontaktuj si\u0119<\/h1>\n<p>Cenimy sobie kontakt z\u00a0naszymi klientami i\u00a0partnerami biznesowymi. Je\u017celi masz jakiekolwiek pytania, potrzebujesz dodatkowych informacji lub chcesz om\u00f3wi\u0107 szczeg\u00f3\u0142y wsp\u00f3\u0142pracy, prosimy o\u00a0kontakt.<\/p>\n<p>[\/et_pb_text][et_pb_text _builder_version=&#8221;4.25.1&#8243; _module_preset=&#8221;default&#8221; custom_margin=&#8221;||40px||false|false&#8221; custom_margin_tablet=&#8221;||40px||false|false&#8221; custom_margin_phone=&#8221;||30px||false|false&#8221; custom_margin_last_edited=&#8221;on|phone&#8221; global_colors_info=&#8221;{}&#8221;]<\/p>\n<h6>Zadzwo\u0144 do\u00a0nas<\/h6>\n<h3>+48 733 373 550<\/h3>\n<p>Pracujemy od\u00a0poniedzia\u0142ku do\u00a0pi\u0105tku<br \/>w\u00a0godz.\u00a08:00 &#8211; 16:00<\/p>\n<p>[\/et_pb_text][et_pb_text _builder_version=&#8221;4.25.1&#8243; _module_preset=&#8221;default&#8221; custom_margin=&#8221;||40px||false|false&#8221; custom_margin_tablet=&#8221;||40px||false|false&#8221; custom_margin_phone=&#8221;||40px||false|false&#8221; custom_margin_last_edited=&#8221;on|phone&#8221; global_colors_info=&#8221;{}&#8221;]<\/p>\n<h6>Napisz e-mail<\/h6>\n<h3><a href=\"mailto:office@plastma.pl\">office@plastma.pl<\/a><\/h3>\n<p>Odpowiemy najszybciej jak to\u00a0mo\u017cliwe!<\/p>\n<p>[\/et_pb_text][\/et_pb_column][\/et_pb_row][\/et_pb_section]<\/p>\n","protected":false},"excerpt":{"rendered":"<p>Plastma Sp. z&nbsp;o. o.ul.&nbsp;gen. J\u00f3zefa Hallera 8a42-200 Cz\u0119stochowa Zobacz na&nbsp;mapieSkontaktuj si\u0119 Cenimy sobie kontakt z\u00a0naszymi klientami i\u00a0partnerami biznesowymi. Je\u017celi masz jakiekolwiek pytania, potrzebujesz dodatkowych informacji lub chcesz om\u00f3wi\u0107 szczeg\u00f3\u0142y wsp\u00f3\u0142pracy, prosimy o\u00a0kontakt.Zadzwo\u0144 do\u00a0nas +48 733 373 550 Pracujemy od\u00a0poniedzia\u0142ku do\u00a0pi\u0105tkuw\u00a0godz.\u00a08:00 &#8211; 16:00Napisz e-mail office@plastma.pl Odpowiemy najszybciej jak to\u00a0mo\u017cliwe!<\/p>","protected":false},"author":2,"featured_media":0,"parent":0,"menu_order":0,"comment_status":"closed","ping_status":"closed","template":"","meta":{"_et_pb_use_builder":"on","_et_pb_old_content":"<!-- wp:divi\/placeholder \/-->","_et_gb_content_width":"","footnotes":""},"class_list":["post-27","page","type-page","status-publish","hentry"],"_links":{"self":[{"href":"https:\/\/plastma.pl\/en\/wp-json\/wp\/v2\/pages\/27","targetHints":{"allow":["GET"]}}],"collection":[{"href":"https:\/\/plastma.pl\/en\/wp-json\/wp\/v2\/pages"}],"about":[{"href":"https:\/\/plastma.pl\/en\/wp-json\/wp\/v2\/types\/page"}],"author":[{"embeddable":true,"href":"https:\/\/plastma.pl\/en\/wp-json\/wp\/v2\/users\/2"}],"replies":[{"embeddable":true,"href":"https:\/\/plastma.pl\/en\/wp-json\/wp\/v2\/comments?post=27"}],"version-history":[{"count":0,"href":"https:\/\/plastma.pl\/en\/wp-json\/wp\/v2\/pages\/27\/revisions"}],"wp:attachment":[{"href":"https:\/\/plastma.pl\/en\/wp-json\/wp\/v2\/media?parent=27"}],"curies":[{"name":"wp","href":"https:\/\/api.w.org\/{rel}","templated":true}]}}